{"id":228,"date":"2021-11-12T12:45:40","date_gmt":"2021-11-12T12:45:40","guid":{"rendered":"https:\/\/ger.webdev.is\/?page_id=228"},"modified":"2022-05-19T23:21:26","modified_gmt":"2022-05-19T23:21:26","slug":"hastens","status":"publish","type":"page","link":"https:\/\/radix.is\/?page_id=228","title":{"rendered":"GER verslanir"},"content":{"rendered":"<p><div class=\"fusion-fullwidth fullwidth-box fusion-builder-row-1 fusion-flex-container nonhundred-percent-fullwidth non-hundred-percent-height-scrolling\" style=\"background-color: rgba(255,255,255,0);background-position: center center;background-repeat: no-repeat;border-width: 0px 0px 0px 0px;border-color:#e2e2e2;border-style:solid;\" ><div class=\"fusion-builder-row fusion-row fusion-flex-align-items-flex-start\" style=\"max-width:1248px;margin-left: calc(-4% \/ 2 );margin-right: calc(-4% \/ 2 );\"><div class=\"fusion-layout-column fusion_builder_column fusion-builder-column-0 fusion_builder_column_1_1 1_1 fusion-flex-column\"><div class=\"fusion-column-wrapper fusion-flex-justify-content-flex-start fusion-content-layout-column\" style=\"background-position:left top;background-repeat:no-repeat;-webkit-background-size:cover;-moz-background-size:cover;-o-background-size:cover;background-size:cover;padding: 0px 0px 0px 0px;\"><style type=\"text\/css\">@media only screen and (max-width:1024px) {.fusion-title.fusion-title-1{margin-top:10px!important; margin-right:0px!important;margin-bottom:15px!important;margin-left:0px!important;}}@media only screen and (max-width:640px) {.fusion-title.fusion-title-1{margin-top:10px!important; margin-right:0px!important;margin-bottom:10px!important; margin-left:0px!important;}}<\/style><div class=\"fusion-title title fusion-title-1 fusion-sep-none fusion-title-text fusion-title-size-one\" style=\"margin-top:10px;margin-right:0px;margin-bottom:15px;margin-left:0px;\"><h1 class=\"title-heading-left\" style=\"margin:0;\">GER verslanir<\/h1><\/div><\/div><style type=\"text\/css\">.fusion-body .fusion-builder-column-0{width:100% !important;margin-top : 0px;margin-bottom : 20px;}.fusion-builder-column-0 > .fusion-column-wrapper {padding-top : 0px !important;padding-right : 0px !important;margin-right : 1.92%;padding-bottom : 0px !important;padding-left : 0px !important;margin-left : 1.92%;}@media only screen and (max-width:1024px) {.fusion-body .fusion-builder-column-0{width:100% !important;order : 0;}.fusion-builder-column-0 > .fusion-column-wrapper {margin-right : 1.92%;margin-left : 1.92%;}}@media only screen and (max-width:640px) {.fusion-body .fusion-builder-column-0{width:100% !important;order : 0;}.fusion-builder-column-0 > .fusion-column-wrapper {margin-right : 1.92%;margin-left : 1.92%;}}<\/style><\/div><\/div><style type=\"text\/css\">.fusion-body .fusion-flex-container.fusion-builder-row-1{ padding-top : 0px;margin-top : 0px;padding-right : 0px;padding-bottom : 0px;margin-bottom : 0px;padding-left : 0px;}<\/style><\/div><div class=\"fusion-fullwidth fullwidth-box fusion-builder-row-2 fusion-flex-container nonhundred-percent-fullwidth non-hundred-percent-height-scrolling\" style=\"background-color: rgba(255,255,255,0);background-position: center center;background-repeat: no-repeat;border-width: 0px 0px 0px 0px;border-color:#e2e2e2;border-style:solid;\" ><div class=\"fusion-builder-row fusion-row fusion-flex-align-items-flex-start\" style=\"max-width:1248px;margin-left: calc(-4% \/ 2 );margin-right: calc(-4% \/ 2 );\"><div class=\"fusion-layout-column fusion_builder_column fusion-builder-column-1 fusion_builder_column_1_1 1_1 fusion-flex-column\"><div class=\"fusion-column-wrapper fusion-flex-justify-content-flex-start fusion-content-layout-column\" style=\"background-position:left top;background-repeat:no-repeat;-webkit-background-size:cover;-moz-background-size:cover;-o-background-size:cover;background-size:cover;padding: 0px 0px 0px 0px;\"><div ><span class=\" fusion-imageframe imageframe-none imageframe-1 hover-type-none\" style=\"border-radius:15px;\"><img decoding=\"async\" width=\"1500\" height=\"587\" title=\"hastens\" src=\"http:\/\/radix.is\/wp-content\/uploads\/2021\/11\/hastens.jpg\" alt class=\"img-responsive wp-image-230\" srcset=\"https:\/\/radix.is\/wp-content\/uploads\/2021\/11\/hastens-200x78.jpg 200w, https:\/\/radix.is\/wp-content\/uploads\/2021\/11\/hastens-400x157.jpg 400w, https:\/\/radix.is\/wp-content\/uploads\/2021\/11\/hastens-600x235.jpg 600w, https:\/\/radix.is\/wp-content\/uploads\/2021\/11\/hastens-800x313.jpg 800w, https:\/\/radix.is\/wp-content\/uploads\/2021\/11\/hastens-1200x470.jpg 1200w, https:\/\/radix.is\/wp-content\/uploads\/2021\/11\/hastens.jpg 1500w\" sizes=\"(max-width: 640px) 100vw, 1200px\" \/><\/span><\/div><\/div><style type=\"text\/css\">.fusion-body .fusion-builder-column-1{width:100% !important;margin-top : 0px;margin-bottom : 20px;}.fusion-builder-column-1 > .fusion-column-wrapper {padding-top : 0px !important;padding-right : 0px !important;margin-right : 1.92%;padding-bottom : 0px !important;padding-left : 0px !important;margin-left : 1.92%;}@media only screen and (max-width:1024px) {.fusion-body .fusion-builder-column-1{width:100% !important;order : 0;}.fusion-builder-column-1 > .fusion-column-wrapper {margin-right : 1.92%;margin-left : 1.92%;}}@media only screen and (max-width:640px) {.fusion-body .fusion-builder-column-1{width:100% !important;order : 0;}.fusion-builder-column-1 > .fusion-column-wrapper {margin-right : 1.92%;margin-left : 1.92%;}}<\/style><\/div><\/div><style type=\"text\/css\">.fusion-body .fusion-flex-container.fusion-builder-row-2{ padding-top : 0px;margin-top : 0px;padding-right : 0px;padding-bottom : 0px;margin-bottom : 0px;padding-left : 0px;}<\/style><\/div><div class=\"fusion-fullwidth fullwidth-box fusion-builder-row-3 fusion-flex-container nonhundred-percent-fullwidth non-hundred-percent-height-scrolling\" style=\"background-color: rgba(255,255,255,0);background-position: center center;background-repeat: no-repeat;border-width: 0px 0px 0px 0px;border-color:#e2e2e2;border-style:solid;\" ><div class=\"fusion-builder-row fusion-row fusion-flex-align-items-flex-start\" style=\"max-width:1248px;margin-left: calc(-4% \/ 2 );margin-right: calc(-4% \/ 2 );\"><div class=\"fusion-layout-column fusion_builder_column fusion-builder-column-2 fusion_builder_column_2_3 2_3 fusion-flex-column\"><div class=\"fusion-column-wrapper fusion-flex-justify-content-flex-start fusion-content-layout-column\" style=\"background-position:left top;background-repeat:no-repeat;-webkit-background-size:cover;-moz-background-size:cover;-o-background-size:cover;background-size:cover;padding: 0px 0px 0px 0px;\"><style type=\"text\/css\">@media only screen and (max-width:1024px) {.fusion-title.fusion-title-2{margin-top:10px!important; margin-right:0px!important;margin-bottom:15px!important;margin-left:0px!important;}}@media only screen and (max-width:640px) {.fusion-title.fusion-title-2{margin-top:10px!important; margin-right:0px!important;margin-bottom:10px!important; margin-left:0px!important;}}<\/style><div class=\"fusion-title title fusion-title-2 fusion-sep-none fusion-title-text fusion-title-size-one\" style=\"margin-top:10px;margin-right:0px;margin-bottom:15px;margin-left:0px;\"><h1 class=\"title-heading-left\" style=\"margin:0;\"><h3>Ger b\u00fd\u00f0ur \u00feekkt v\u00f6rumerki \u00e1 l\u00e1gu ver\u00f0i<\/h3><\/h1><\/div><div class=\"fusion-text fusion-text-1\"><p>H\u00e4stens b\u00fd\u00f0ur upp \u00e1 g\u00e6\u00f0ah\u00f6nnun \u00e1 g\u00f3\u00f0u ver\u00f0i. Vi\u00f0 bj\u00f3\u00f0um upp \u00e1 mikla breidd h\u00fasgagna og heims\u00feekkt evr\u00f3psk og amer\u00edsk v\u00f6rumerki.<\/p>\n<\/div><div class=\"fusion-text fusion-text-2\"><p><strong>N\u00e1nari uppl\u00fdsingar m\u00e1 finna h\u00e9r<\/strong><\/p>\n<\/div><div ><style>.fusion-button.button-1 .fusion-button-text,.fusion-button.button-1 i{color:#ffffff;}.fusion-button.button-1{border-color:#003a70;border-width:1px 1px 1px 1px;border-radius:5px 5px 5px 5px;background:#4a707a;background-image:linear-gradient(0deg,#4a707a 0%,#003a70 0%);padding-top:1em;padding-right:2em;padding-bottom:1em;padding-left:2em;}.fusion-button.button-1:hover .fusion-button-text,.fusion-button.button-1:hover i,.fusion-button.button-1:focus .fusion-button-text,.fusion-button.button-1:focus i,.fusion-button.button-1:active .fusion-button-text,.fusion-button.button-1:active i{color:#105378;}.fusion-button.button-1:hover,.fusion-button.button-1:active,.fusion-button.button-1:focus{border-color:#105378;border-width:1px 1px 1px 1px;background:#5aabd6;background-image:linear-gradient(0deg,#5aabd6 0%,#ffffff 0%);}<\/style><a class=\"fusion-button button-flat fusion-button-default-size button-custom button-1 fusion-button-default-span \" target=\"_self\" href=\"https:\/\/www.ger.is\/\"><span class=\"fusion-button-text\">Fara \u00e1 vef<\/span><i class=\"fa-arrow-alt-circle-right fas button-icon-right\" aria-hidden=\"true\"><\/i><\/a><\/div><div class=\"fusion-separator fusion-full-width-sep\" style=\"align-self: center;margin-left: auto;margin-right: auto;margin-bottom:1em;width:100%;\"><div class=\"fusion-separator-border sep-double\" style=\"border-color:#e2e2e2;border-top-width:0px;border-bottom-width:0px;\"><\/div><\/div><\/div><style type=\"text\/css\">.fusion-body .fusion-builder-column-2{width:66.666666666667% !important;margin-top : 0px;margin-bottom : 20px;}.fusion-builder-column-2 > .fusion-column-wrapper {padding-top : 0px !important;padding-right : 0px !important;margin-right : 2.88%;padding-bottom : 0px !important;padding-left : 0px !important;margin-left : 2.88%;}@media only screen and (max-width:1024px) {.fusion-body .fusion-builder-column-2{width:66.666666666667% !important;order : 0;}.fusion-builder-column-2 > .fusion-column-wrapper {margin-right : 2.88%;margin-left : 2.88%;}}@media only screen and (max-width:640px) {.fusion-body .fusion-builder-column-2{width:100% !important;order : 0;}.fusion-builder-column-2 > .fusion-column-wrapper {margin-right : 1.92%;margin-left : 1.92%;}}<\/style><\/div><\/div><style type=\"text\/css\">.fusion-body .fusion-flex-container.fusion-builder-row-3{ padding-top : 0px;margin-top : 0px;padding-right : 0px;padding-bottom : 0px;margin-bottom : 0px;padding-left : 0px;}<\/style><\/div><div class=\"fusion-fullwidth fullwidth-box fusion-builder-row-4 fusion-flex-container nonhundred-percent-fullwidth non-hundred-percent-height-scrolling\" style=\"background-color: rgba(255,255,255,0);background-position: center center;background-repeat: no-repeat;border-width: 0px 0px 0px 0px;border-color:#e2e2e2;border-style:solid;\" ><div class=\"fusion-builder-row fusion-row fusion-flex-align-items-flex-start\" style=\"max-width:1248px;margin-left: calc(-4% \/ 2 );margin-right: calc(-4% \/ 2 );\"><div class=\"fusion-layout-column fusion_builder_column fusion-builder-column-3 fusion_builder_column_1_1 1_1 fusion-flex-column\"><div class=\"fusion-column-wrapper fusion-flex-justify-content-flex-start fusion-content-layout-column\" style=\"background-position:left top;background-repeat:no-repeat;-webkit-background-size:cover;-moz-background-size:cover;-o-background-size:cover;background-size:cover;padding: 0px 0px 0px 0px;\"><style type=\"text\/css\">.fusion-gallery-1 .fusion-gallery-image {border:0px solid #e2e2e2;}<\/style><div class=\"fusion-gallery fusion-gallery-container fusion-grid-3 fusion-columns-total-4 fusion-gallery-layout-grid fusion-gallery-1\" style=\"margin:-5px;\"><div style=\"padding:5px;\" class=\"fusion-grid-column fusion-gallery-column fusion-gallery-column-3 hover-type-none\"><div class=\"fusion-gallery-image\"><a href=\"https:\/\/radix.is\/wp-content\/uploads\/2021\/11\/mottur-1.png\" rel=\"noreferrer\" data-rel=\"iLightbox[gallery_image_1]\" class=\"fusion-lightbox\" target=\"_self\"><img decoding=\"async\" src=\"https:\/\/radix.is\/wp-content\/uploads\/2021\/11\/mottur-1.png\" width=\"4640\" height=\"3632\" alt=\"\" title=\"mottur-1\" aria-label=\"mottur-1\" class=\"img-responsive wp-image-223\" srcset=\"https:\/\/radix.is\/wp-content\/uploads\/2021\/11\/mottur-1-200x157.png 200w, https:\/\/radix.is\/wp-content\/uploads\/2021\/11\/mottur-1-400x313.png 400w, https:\/\/radix.is\/wp-content\/uploads\/2021\/11\/mottur-1-600x470.png 600w, https:\/\/radix.is\/wp-content\/uploads\/2021\/11\/mottur-1-800x626.png 800w, https:\/\/radix.is\/wp-content\/uploads\/2021\/11\/mottur-1-1200x939.png 1200w, https:\/\/radix.is\/wp-content\/uploads\/2021\/11\/mottur-1.png 4640w\" sizes=\"(min-width: 2200px) 100vw, (min-width: 784px) 397px, (min-width: 712px) 595px, (min-width: 640px) 712px, \" \/><\/a><\/div><\/div><div style=\"padding:5px;\" class=\"fusion-grid-column fusion-gallery-column fusion-gallery-column-3 hover-type-none\"><div class=\"fusion-gallery-image\"><a href=\"https:\/\/radix.is\/wp-content\/uploads\/2021\/11\/smavorur.png\" rel=\"noreferrer\" data-rel=\"iLightbox[gallery_image_1]\" class=\"fusion-lightbox\" target=\"_self\"><img decoding=\"async\" src=\"https:\/\/radix.is\/wp-content\/uploads\/2021\/11\/smavorur.png\" width=\"4624\" height=\"3856\" alt=\"\" title=\"sm\u00e1v\u00f6rur\" aria-label=\"sm\u00e1v\u00f6rur\" class=\"img-responsive wp-image-222\" srcset=\"https:\/\/radix.is\/wp-content\/uploads\/2021\/11\/smavorur-200x167.png 200w, https:\/\/radix.is\/wp-content\/uploads\/2021\/11\/smavorur-400x334.png 400w, https:\/\/radix.is\/wp-content\/uploads\/2021\/11\/smavorur-600x500.png 600w, https:\/\/radix.is\/wp-content\/uploads\/2021\/11\/smavorur-800x667.png 800w, https:\/\/radix.is\/wp-content\/uploads\/2021\/11\/smavorur-1200x1001.png 1200w, https:\/\/radix.is\/wp-content\/uploads\/2021\/11\/smavorur.png 4624w\" sizes=\"(min-width: 2200px) 100vw, (min-width: 784px) 397px, (min-width: 712px) 595px, (min-width: 640px) 712px, \" \/><\/a><\/div><\/div><div style=\"padding:5px;\" class=\"fusion-grid-column fusion-gallery-column fusion-gallery-column-3 hover-type-none\"><div class=\"fusion-gallery-image\"><a href=\"https:\/\/radix.is\/wp-content\/uploads\/2021\/11\/DSC_41490-683x1024-1.jpg\" rel=\"noreferrer\" data-rel=\"iLightbox[gallery_image_1]\" class=\"fusion-lightbox\" target=\"_self\"><img decoding=\"async\" src=\"https:\/\/radix.is\/wp-content\/uploads\/2021\/11\/DSC_41490-683x1024-1.jpg\" width=\"683\" height=\"1024\" alt=\"\" title=\"DSC_41490-683&#215;1024\" aria-label=\"DSC_41490-683&#215;1024\" class=\"img-responsive wp-image-221\" srcset=\"https:\/\/radix.is\/wp-content\/uploads\/2021\/11\/DSC_41490-683x1024-1-200x300.jpg 200w, https:\/\/radix.is\/wp-content\/uploads\/2021\/11\/DSC_41490-683x1024-1-400x600.jpg 400w, https:\/\/radix.is\/wp-content\/uploads\/2021\/11\/DSC_41490-683x1024-1-600x900.jpg 600w, https:\/\/radix.is\/wp-content\/uploads\/2021\/11\/DSC_41490-683x1024-1.jpg 683w\" sizes=\"(min-width: 2200px) 100vw, (min-width: 784px) 397px, (min-width: 712px) 595px, (min-width: 640px) 712px, \" \/><\/a><\/div><\/div><div class=\"clearfix\"><\/div><div style=\"padding:5px;\" class=\"fusion-grid-column fusion-gallery-column fusion-gallery-column-3 hover-type-none\"><div class=\"fusion-gallery-image\"><a href=\"https:\/\/radix.is\/wp-content\/uploads\/2021\/11\/DSC_41670-scaled.jpg\" rel=\"noreferrer\" data-rel=\"iLightbox[gallery_image_1]\" class=\"fusion-lightbox\" target=\"_self\"><img decoding=\"async\" src=\"https:\/\/radix.is\/wp-content\/uploads\/2021\/11\/DSC_41670-scaled.jpg\" width=\"2560\" height=\"1709\" alt=\"\" title=\"DSC_41670\" aria-label=\"DSC_41670\" class=\"img-responsive wp-image-220\" srcset=\"https:\/\/radix.is\/wp-content\/uploads\/2021\/11\/DSC_41670-200x133.jpg 200w, https:\/\/radix.is\/wp-content\/uploads\/2021\/11\/DSC_41670-400x267.jpg 400w, https:\/\/radix.is\/wp-content\/uploads\/2021\/11\/DSC_41670-600x400.jpg 600w, https:\/\/radix.is\/wp-content\/uploads\/2021\/11\/DSC_41670-800x534.jpg 800w, https:\/\/radix.is\/wp-content\/uploads\/2021\/11\/DSC_41670-1200x801.jpg 1200w, https:\/\/radix.is\/wp-content\/uploads\/2021\/11\/DSC_41670-scaled.jpg 2560w\" sizes=\"(min-width: 2200px) 100vw, (min-width: 784px) 397px, (min-width: 712px) 595px, (min-width: 640px) 712px, \" \/><\/a><\/div><\/div><\/div><\/div><style type=\"text\/css\">.fusion-body .fusion-builder-column-3{width:100% !important;margin-top : 0px;margin-bottom : 20px;}.fusion-builder-column-3 > .fusion-column-wrapper {padding-top : 0px !important;padding-right : 0px !important;margin-right : 1.92%;padding-bottom : 0px !important;padding-left : 0px !important;margin-left : 1.92%;}@media only screen and (max-width:1024px) {.fusion-body .fusion-builder-column-3{width:100% !important;order : 0;}.fusion-builder-column-3 > .fusion-column-wrapper {margin-right : 1.92%;margin-left : 1.92%;}}@media only screen and (max-width:640px) {.fusion-body .fusion-builder-column-3{width:100% !important;order : 0;}.fusion-builder-column-3 > .fusion-column-wrapper {margin-right : 1.92%;margin-left : 1.92%;}}<\/style><\/div><\/div><style type=\"text\/css\">.fusion-body .fusion-flex-container.fusion-builder-row-4{ padding-top : 0px;margin-top : 0px;padding-right : 0px;padding-bottom : 0px;margin-bottom : 0px;padding-left : 0px;}<\/style><\/div><\/p>\n","protected":false},"excerpt":{"rendered":"","protected":false},"author":1,"featured_media":0,"parent":0,"menu_order":0,"comment_status":"closed","ping_status":"closed","template":"","meta":{"footnotes":""},"class_list":["post-228","page","type-page","status-publish","hentry"],"_links":{"self":[{"href":"https:\/\/radix.is\/index.php?rest_route=\/wp\/v2\/pages\/228","targetHints":{"allow":["GET"]}}],"collection":[{"href":"https:\/\/radix.is\/index.php?rest_route=\/wp\/v2\/pages"}],"about":[{"href":"https:\/\/radix.is\/index.php?rest_route=\/wp\/v2\/types\/page"}],"author":[{"embeddable":true,"href":"https:\/\/radix.is\/index.php?rest_route=\/wp\/v2\/users\/1"}],"replies":[{"embeddable":true,"href":"https:\/\/radix.is\/index.php?rest_route=%2Fwp%2Fv2%2Fcomments&post=228"}],"version-history":[{"count":7,"href":"https:\/\/radix.is\/index.php?rest_route=\/wp\/v2\/pages\/228\/revisions"}],"predecessor-version":[{"id":703,"href":"https:\/\/radix.is\/index.php?rest_route=\/wp\/v2\/pages\/228\/revisions\/703"}],"wp:attachment":[{"href":"https:\/\/radix.is\/index.php?rest_route=%2Fwp%2Fv2%2Fmedia&parent=228"}],"curies":[{"name":"wp","href":"https:\/\/api.w.org\/{rel}","templated":true}]}}