{"id":232,"date":"2021-11-12T13:13:32","date_gmt":"2021-11-12T13:13:32","guid":{"rendered":"https:\/\/ger.webdev.is\/?page_id=232"},"modified":"2022-05-19T22:44:38","modified_gmt":"2022-05-19T22:44:38","slug":"betra-bak","status":"publish","type":"page","link":"https:\/\/radix.is\/?page_id=232","title":{"rendered":"Rekkar v\u00f6ruh\u00f3tel"},"content":{"rendered":"<p><div class=\"fusion-fullwidth fullwidth-box fusion-builder-row-1 fusion-flex-container nonhundred-percent-fullwidth non-hundred-percent-height-scrolling\" style=\"background-color: rgba(255,255,255,0);background-position: center center;background-repeat: no-repeat;border-width: 0px 0px 0px 0px;border-color:#e2e2e2;border-style:solid;\" ><div class=\"fusion-builder-row fusion-row fusion-flex-align-items-flex-start\" style=\"max-width:1248px;margin-left: calc(-4% \/ 2 );margin-right: calc(-4% \/ 2 );\"><div class=\"fusion-layout-column fusion_builder_column fusion-builder-column-0 fusion_builder_column_1_1 1_1 fusion-flex-column\"><div class=\"fusion-column-wrapper fusion-flex-justify-content-flex-start fusion-content-layout-column\" style=\"background-position:left top;background-repeat:no-repeat;-webkit-background-size:cover;-moz-background-size:cover;-o-background-size:cover;background-size:cover;padding: 0px 0px 0px 0px;\"><style type=\"text\/css\">@media only screen and (max-width:1024px) {.fusion-title.fusion-title-1{margin-top:10px!important; margin-right:0px!important;margin-bottom:15px!important;margin-left:0px!important;}}@media only screen and (max-width:640px) {.fusion-title.fusion-title-1{margin-top:10px!important; margin-right:0px!important;margin-bottom:10px!important; margin-left:0px!important;}}<\/style><div class=\"fusion-title title fusion-title-1 fusion-sep-none fusion-title-text fusion-title-size-one\" style=\"margin-top:10px;margin-right:0px;margin-bottom:15px;margin-left:0px;\"><h1 class=\"title-heading-left\" style=\"margin:0;\">Rekkar v\u00f6ruh\u00f3tel<\/h1><\/div><\/div><style type=\"text\/css\">.fusion-body .fusion-builder-column-0{width:100% !important;margin-top : 0px;margin-bottom : 20px;}.fusion-builder-column-0 > .fusion-column-wrapper {padding-top : 0px !important;padding-right : 0px !important;margin-right : 1.92%;padding-bottom : 0px !important;padding-left : 0px !important;margin-left : 1.92%;}@media only screen and (max-width:1024px) {.fusion-body .fusion-builder-column-0{width:100% !important;order : 0;}.fusion-builder-column-0 > .fusion-column-wrapper {margin-right : 1.92%;margin-left : 1.92%;}}@media only screen and (max-width:640px) {.fusion-body .fusion-builder-column-0{width:100% !important;order : 0;}.fusion-builder-column-0 > .fusion-column-wrapper {margin-right : 1.92%;margin-left : 1.92%;}}<\/style><\/div><\/div><style type=\"text\/css\">.fusion-body .fusion-flex-container.fusion-builder-row-1{ padding-top : 0px;margin-top : 0px;padding-right : 0px;padding-bottom : 0px;margin-bottom : 0px;padding-left : 0px;}<\/style><\/div><div class=\"fusion-fullwidth fullwidth-box fusion-builder-row-2 fusion-flex-container nonhundred-percent-fullwidth non-hundred-percent-height-scrolling\" style=\"background-color: rgba(255,255,255,0);background-position: center center;background-repeat: no-repeat;border-width: 0px 0px 0px 0px;border-color:#e2e2e2;border-style:solid;\" ><div class=\"fusion-builder-row fusion-row fusion-flex-align-items-flex-start\" style=\"max-width:1248px;margin-left: calc(-4% \/ 2 );margin-right: calc(-4% \/ 2 );\"><div class=\"fusion-layout-column fusion_builder_column fusion-builder-column-1 fusion_builder_column_1_1 1_1 fusion-flex-column\"><div class=\"fusion-column-wrapper fusion-flex-justify-content-flex-start fusion-content-layout-column\" style=\"background-position:left top;background-repeat:no-repeat;-webkit-background-size:cover;-moz-background-size:cover;-o-background-size:cover;background-size:cover;padding: 0px 0px 0px 0px;\"><div style=\"text-align:left;\"><span class=\" fusion-imageframe imageframe-none imageframe-1 hover-type-none\" style=\"border-radius:15px;\"><img decoding=\"async\" width=\"800\" height=\"534\" title=\"Lager-2\" src=\"http:\/\/radix.is\/wp-content\/uploads\/2022\/05\/Lager-2-800x534.jpg\" alt class=\"img-responsive wp-image-669\" srcset=\"https:\/\/radix.is\/wp-content\/uploads\/2022\/05\/Lager-2-200x133.jpg 200w, https:\/\/radix.is\/wp-content\/uploads\/2022\/05\/Lager-2-400x267.jpg 400w, https:\/\/radix.is\/wp-content\/uploads\/2022\/05\/Lager-2-600x400.jpg 600w, https:\/\/radix.is\/wp-content\/uploads\/2022\/05\/Lager-2-800x534.jpg 800w, https:\/\/radix.is\/wp-content\/uploads\/2022\/05\/Lager-2-1200x801.jpg 1200w, https:\/\/radix.is\/wp-content\/uploads\/2022\/05\/Lager-2-scaled.jpg 2560w\" sizes=\"(max-width: 640px) 100vw, 1200px\" \/><\/span><\/div><\/div><style type=\"text\/css\">.fusion-body .fusion-builder-column-1{width:100% !important;margin-top : 0px;margin-bottom : 20px;}.fusion-builder-column-1 > .fusion-column-wrapper {padding-top : 0px !important;padding-right : 0px !important;margin-right : 1.92%;padding-bottom : 0px !important;padding-left : 0px !important;margin-left : 1.92%;}@media only screen and (max-width:1024px) {.fusion-body .fusion-builder-column-1{width:100% !important;order : 0;}.fusion-builder-column-1 > .fusion-column-wrapper {margin-right : 1.92%;margin-left : 1.92%;}}@media only screen and (max-width:640px) {.fusion-body .fusion-builder-column-1{width:100% !important;order : 0;}.fusion-builder-column-1 > .fusion-column-wrapper {margin-right : 1.92%;margin-left : 1.92%;}}<\/style><\/div><\/div><style type=\"text\/css\">.fusion-body .fusion-flex-container.fusion-builder-row-2{ padding-top : 0px;margin-top : 0px;padding-right : 0px;padding-bottom : 0px;margin-bottom : 0px;padding-left : 0px;}<\/style><\/div><div class=\"fusion-fullwidth fullwidth-box fusion-builder-row-3 fusion-flex-container nonhundred-percent-fullwidth non-hundred-percent-height-scrolling\" style=\"background-color: rgba(255,255,255,0);background-position: center center;background-repeat: no-repeat;border-width: 0px 0px 0px 0px;border-color:#e2e2e2;border-style:solid;\" ><div class=\"fusion-builder-row fusion-row fusion-flex-align-items-flex-start\" style=\"max-width:1248px;margin-left: calc(-4% \/ 2 );margin-right: calc(-4% \/ 2 );\"><div class=\"fusion-layout-column fusion_builder_column fusion-builder-column-2 fusion_builder_column_2_3 2_3 fusion-flex-column\"><div class=\"fusion-column-wrapper fusion-flex-justify-content-flex-start fusion-content-layout-column\" style=\"background-position:left top;background-repeat:no-repeat;-webkit-background-size:cover;-moz-background-size:cover;-o-background-size:cover;background-size:cover;padding: 0px 0px 0px 0px;\"><style type=\"text\/css\">@media only screen and (max-width:1024px) {.fusion-title.fusion-title-2{margin-top:10px!important; margin-right:0px!important;margin-bottom:15px!important;margin-left:0px!important;}}@media only screen and (max-width:640px) {.fusion-title.fusion-title-2{margin-top:10px!important; margin-right:0px!important;margin-bottom:10px!important; margin-left:0px!important;}}<\/style><div class=\"fusion-title title fusion-title-2 fusion-sep-none fusion-title-text fusion-title-size-one\" style=\"margin-top:10px;margin-right:0px;margin-bottom:15px;margin-left:0px;\"><h1 class=\"title-heading-left\" style=\"margin:0;\"><h3>Rekkar v\u00f6ruh\u00f3tel b\u00fd\u00f0ur v\u00f6ruh\u00fasa\u00fej\u00f3nustu og dreifingu sem \u00e1 s\u00e9r enga hli\u00f0st\u00e6\u00f0u \u00e1 \u00cdslandi<\/h3><\/h1><\/div><div class=\"fusion-text fusion-text-1\"><p>Rekkar er v\u00f6ruh\u00f3tel sem s\u00e9rh\u00e6fir sig \u00ed v\u00f6ruh\u00fasa\u00fej\u00f3nustu og dreifingu. Rekkar v\u00f6ruh\u00f3tel leggur \u00e1herslu \u00e1 skilvirkni \u00ed \u00fej\u00f3nustu og hagkv\u00e6mni \u00ed \u00f6llum ferlum og getur me\u00f0 \u00fev\u00ed bo\u00f0i\u00f0 upp \u00e1 afar hagst\u00e6\u00f0a \u00fej\u00f3nustu fyrir \u00fe\u00e1 vi\u00f0skiptavini sem vilja \u00fath\u00fdsa v\u00f6ruh\u00fasa\u00fej\u00f3nustu og dreifingu a\u00f0 \u00f6llu leiti e\u00f0a hluta til.<\/p>\n<\/div><div class=\"fusion-text fusion-text-2\"><p><strong>N\u00e1nari uppl\u00fdsingar m\u00e1 finna \u00e1 heimas\u00ed\u00f0u Rekka v\u00f6ruh\u00f3tels<\/strong><\/p>\n<\/div><div ><style>.fusion-button.button-1 .fusion-button-text,.fusion-button.button-1 i{color:#ffffff;}.fusion-button.button-1{border-color:#003a70;border-width:1px 1px 1px 1px;border-radius:5px 5px 5px 5px;background:#4a707a;background-image:linear-gradient(0deg,#4a707a 0%,#003a70 0%);padding-top:1em;padding-right:2em;padding-bottom:1em;padding-left:2em;}.fusion-button.button-1:hover .fusion-button-text,.fusion-button.button-1:hover i,.fusion-button.button-1:focus .fusion-button-text,.fusion-button.button-1:focus i,.fusion-button.button-1:active .fusion-button-text,.fusion-button.button-1:active i{color:#105378;}.fusion-button.button-1:hover,.fusion-button.button-1:active,.fusion-button.button-1:focus{border-color:#105378;border-width:1px 1px 1px 1px;background:#5aabd6;background-image:linear-gradient(0deg,#5aabd6 0%,#ffffff 0%);}<\/style><a class=\"fusion-button button-flat fusion-button-default-size button-custom button-1 fusion-button-default-span \" target=\"_self\" href=\"https:\/\/rekkar.is\/\"><span class=\"fusion-button-text\">Fara \u00e1 vef<\/span><i class=\"fa-arrow-alt-circle-right fas button-icon-right\" aria-hidden=\"true\"><\/i><\/a><\/div><div class=\"fusion-separator fusion-full-width-sep\" style=\"align-self: center;margin-left: auto;margin-right: auto;margin-bottom:1em;width:100%;\"><div class=\"fusion-separator-border sep-double\" style=\"border-color:#e2e2e2;border-top-width:0px;border-bottom-width:0px;\"><\/div><\/div><\/div><style type=\"text\/css\">.fusion-body .fusion-builder-column-2{width:66.666666666667% !important;margin-top : 0px;margin-bottom : 20px;}.fusion-builder-column-2 > .fusion-column-wrapper {padding-top : 0px !important;padding-right : 0px !important;margin-right : 2.88%;padding-bottom : 0px !important;padding-left : 0px !important;margin-left : 2.88%;}@media only screen and (max-width:1024px) {.fusion-body .fusion-builder-column-2{width:66.666666666667% !important;order : 0;}.fusion-builder-column-2 > .fusion-column-wrapper {margin-right : 2.88%;margin-left : 2.88%;}}@media only screen and (max-width:640px) {.fusion-body .fusion-builder-column-2{width:100% !important;order : 0;}.fusion-builder-column-2 > .fusion-column-wrapper {margin-right : 1.92%;margin-left : 1.92%;}}<\/style><\/div><\/div><style type=\"text\/css\">.fusion-body .fusion-flex-container.fusion-builder-row-3{ padding-top : 0px;margin-top : 0px;padding-right : 0px;padding-bottom : 0px;margin-bottom : 0px;padding-left : 0px;}<\/style><\/div><div class=\"fusion-fullwidth fullwidth-box fusion-builder-row-4 fusion-flex-container nonhundred-percent-fullwidth non-hundred-percent-height-scrolling\" style=\"background-color: rgba(255,255,255,0);background-position: center center;background-repeat: no-repeat;border-width: 0px 0px 0px 0px;border-color:#e2e2e2;border-style:solid;\" ><div class=\"fusion-builder-row fusion-row fusion-flex-align-items-flex-start\" style=\"max-width:1248px;margin-left: calc(-4% \/ 2 );margin-right: calc(-4% \/ 2 );\"><div class=\"fusion-layout-column fusion_builder_column fusion-builder-column-3 fusion_builder_column_1_1 1_1 fusion-flex-column\"><div class=\"fusion-column-wrapper fusion-flex-justify-content-flex-start fusion-content-layout-column\" style=\"background-position:left top;background-repeat:no-repeat;-webkit-background-size:cover;-moz-background-size:cover;-o-background-size:cover;background-size:cover;padding: 0px 0px 0px 0px;\"><style type=\"text\/css\">.fusion-gallery-1 .fusion-gallery-image {border:0px solid #e2e2e2;}<\/style><div class=\"fusion-gallery fusion-gallery-container fusion-grid-4 fusion-columns-total-3 fusion-gallery-layout-masonry fusion-gallery-1\" style=\"margin:-5px;\"><div class=\"fusion-grid-column fusion-gallery-column fusion-gallery-column-4 hover-type-none fusion-grid-sizer\"><\/div><div style=\"padding:5px;\" class=\"fusion-grid-column fusion-gallery-column fusion-gallery-column-4 hover-type-none fusion-element-landscape fusion-element-portrait\"><div class=\"fusion-gallery-image\"><a href=\"https:\/\/radix.is\/wp-content\/uploads\/2022\/05\/Lager-1-scaled.jpg\" rel=\"noreferrer\" data-rel=\"iLightbox[gallery_image_1]\" class=\"fusion-lightbox\" target=\"_self\"><div style=\"background-image:url(https:\/\/radix.is\/wp-content\/uploads\/2022\/05\/Lager-1-scaled.jpg);padding-top:calc((100% + 10px) * 0.8);\" class=\"fusion-masonry-element-container\"><img decoding=\"async\" src=\"https:\/\/radix.is\/wp-content\/uploads\/2022\/05\/Lager-1-scaled.jpg\" width=\"2560\" height=\"1709\" alt=\"\" title=\"Lager-1\" aria-label=\"Lager-1\" class=\"img-responsive wp-image-668\" srcset=\"https:\/\/radix.is\/wp-content\/uploads\/2022\/05\/Lager-1-200x133.jpg 200w, https:\/\/radix.is\/wp-content\/uploads\/2022\/05\/Lager-1-400x267.jpg 400w, https:\/\/radix.is\/wp-content\/uploads\/2022\/05\/Lager-1-600x400.jpg 600w, https:\/\/radix.is\/wp-content\/uploads\/2022\/05\/Lager-1-800x534.jpg 800w, https:\/\/radix.is\/wp-content\/uploads\/2022\/05\/Lager-1-1200x801.jpg 1200w, https:\/\/radix.is\/wp-content\/uploads\/2022\/05\/Lager-1-scaled.jpg 2560w\" sizes=\"(min-width: 2200px) 100vw, (min-width: 712px) 598px, (min-width: 640px) 712px, \" \/><\/div><\/a><\/div><\/div><div style=\"padding:5px;\" class=\"fusion-grid-column fusion-gallery-column fusion-gallery-column-4 hover-type-none fusion-element-landscape fusion-element-portrait\"><div class=\"fusion-gallery-image\"><a href=\"https:\/\/radix.is\/wp-content\/uploads\/2022\/05\/Lager-3-scaled.jpg\" rel=\"noreferrer\" data-rel=\"iLightbox[gallery_image_1]\" class=\"fusion-lightbox\" target=\"_self\"><div style=\"background-image:url(https:\/\/radix.is\/wp-content\/uploads\/2022\/05\/Lager-3-scaled.jpg);padding-top:calc((100% + 10px) * 0.8);\" class=\"fusion-masonry-element-container\"><img decoding=\"async\" src=\"https:\/\/radix.is\/wp-content\/uploads\/2022\/05\/Lager-3-scaled.jpg\" width=\"2560\" height=\"1709\" alt=\"\" title=\"Lager-3\" aria-label=\"Lager-3\" class=\"img-responsive wp-image-670\" srcset=\"https:\/\/radix.is\/wp-content\/uploads\/2022\/05\/Lager-3-200x133.jpg 200w, https:\/\/radix.is\/wp-content\/uploads\/2022\/05\/Lager-3-400x267.jpg 400w, https:\/\/radix.is\/wp-content\/uploads\/2022\/05\/Lager-3-600x400.jpg 600w, https:\/\/radix.is\/wp-content\/uploads\/2022\/05\/Lager-3-800x534.jpg 800w, https:\/\/radix.is\/wp-content\/uploads\/2022\/05\/Lager-3-1200x801.jpg 1200w, https:\/\/radix.is\/wp-content\/uploads\/2022\/05\/Lager-3-scaled.jpg 2560w\" sizes=\"(min-width: 2200px) 100vw, (min-width: 712px) 598px, (min-width: 640px) 712px, \" \/><\/div><\/a><\/div><\/div><div style=\"padding:5px;\" class=\"fusion-grid-column fusion-gallery-column fusion-gallery-column-4 hover-type-none fusion-element-landscape fusion-element-portrait\"><div class=\"fusion-gallery-image\"><a href=\"https:\/\/radix.is\/wp-content\/uploads\/2022\/05\/Lager-0.jpg\" rel=\"noreferrer\" data-rel=\"iLightbox[gallery_image_1]\" class=\"fusion-lightbox\" target=\"_self\"><div style=\"background-image:url(https:\/\/radix.is\/wp-content\/uploads\/2022\/05\/Lager-0.jpg);padding-top:calc((100% + 10px) * 0.8);\" class=\"fusion-masonry-element-container\"><img decoding=\"async\" src=\"https:\/\/radix.is\/wp-content\/uploads\/2022\/05\/Lager-0.jpg\" width=\"1500\" height=\"1001\" alt=\"\" title=\"Lager-0\" aria-label=\"Lager-0\" class=\"img-responsive wp-image-667\" srcset=\"https:\/\/radix.is\/wp-content\/uploads\/2022\/05\/Lager-0-200x133.jpg 200w, https:\/\/radix.is\/wp-content\/uploads\/2022\/05\/Lager-0-400x267.jpg 400w, https:\/\/radix.is\/wp-content\/uploads\/2022\/05\/Lager-0-600x400.jpg 600w, https:\/\/radix.is\/wp-content\/uploads\/2022\/05\/Lager-0-800x534.jpg 800w, https:\/\/radix.is\/wp-content\/uploads\/2022\/05\/Lager-0-1200x801.jpg 1200w, https:\/\/radix.is\/wp-content\/uploads\/2022\/05\/Lager-0.jpg 1500w\" sizes=\"(min-width: 2200px) 100vw, (min-width: 712px) 598px, (min-width: 640px) 712px, \" \/><\/div><\/a><\/div><\/div><\/div><\/div><style type=\"text\/css\">.fusion-body .fusion-builder-column-3{width:100% !important;margin-top : 0px;margin-bottom : 20px;}.fusion-builder-column-3 > .fusion-column-wrapper {padding-top : 0px !important;padding-right : 0px !important;margin-right : 1.92%;padding-bottom : 0px !important;padding-left : 0px !important;margin-left : 1.92%;}@media only screen and (max-width:1024px) {.fusion-body .fusion-builder-column-3{width:100% !important;order : 0;}.fusion-builder-column-3 > .fusion-column-wrapper {margin-right : 1.92%;margin-left : 1.92%;}}@media only screen and (max-width:640px) {.fusion-body .fusion-builder-column-3{width:100% !important;order : 0;}.fusion-builder-column-3 > .fusion-column-wrapper {margin-right : 1.92%;margin-left : 1.92%;}}<\/style><\/div><\/div><style type=\"text\/css\">.fusion-body .fusion-flex-container.fusion-builder-row-4{ padding-top : 0px;margin-top : 0px;padding-right : 0px;padding-bottom : 0px;margin-bottom : 0px;padding-left : 0px;}<\/style><\/div><\/p>\n","protected":false},"excerpt":{"rendered":"","protected":false},"author":1,"featured_media":0,"parent":0,"menu_order":0,"comment_status":"closed","ping_status":"closed","template":"","meta":{"footnotes":""},"class_list":["post-232","page","type-page","status-publish","hentry"],"_links":{"self":[{"href":"https:\/\/radix.is\/index.php?rest_route=\/wp\/v2\/pages\/232","targetHints":{"allow":["GET"]}}],"collection":[{"href":"https:\/\/radix.is\/index.php?rest_route=\/wp\/v2\/pages"}],"about":[{"href":"https:\/\/radix.is\/index.php?rest_route=\/wp\/v2\/types\/page"}],"author":[{"embeddable":true,"href":"https:\/\/radix.is\/index.php?rest_route=\/wp\/v2\/users\/1"}],"replies":[{"embeddable":true,"href":"https:\/\/radix.is\/index.php?rest_route=%2Fwp%2Fv2%2Fcomments&post=232"}],"version-history":[{"count":17,"href":"https:\/\/radix.is\/index.php?rest_route=\/wp\/v2\/pages\/232\/revisions"}],"predecessor-version":[{"id":678,"href":"https:\/\/radix.is\/index.php?rest_route=\/wp\/v2\/pages\/232\/revisions\/678"}],"wp:attachment":[{"href":"https:\/\/radix.is\/index.php?rest_route=%2Fwp%2Fv2%2Fmedia&parent=232"}],"curies":[{"name":"wp","href":"https:\/\/api.w.org\/{rel}","templated":true}]}}