{"id":427,"date":"2021-11-24T15:16:58","date_gmt":"2021-11-24T15:16:58","guid":{"rendered":"https:\/\/ger.webdev.is\/?page_id=427"},"modified":"2023-05-17T13:15:28","modified_gmt":"2023-05-17T13:15:28","slug":"stjornendur","status":"publish","type":"page","link":"https:\/\/radix.is\/?page_id=427","title":{"rendered":"Endursko\u00f0endur"},"content":{"rendered":"<p><div class=\"fusion-fullwidth fullwidth-box fusion-builder-row-1 fusion-flex-container nonhundred-percent-fullwidth non-hundred-percent-height-scrolling\" style=\"background-color: rgba(255,255,255,0);background-position: center center;background-repeat: no-repeat;border-width: 0px 0px 0px 0px;border-color:#e2e2e2;border-style:solid;\" ><div class=\"fusion-builder-row fusion-row fusion-flex-align-items-flex-start\" style=\"max-width:1248px;margin-left: calc(-4% \/ 2 );margin-right: calc(-4% \/ 2 );\"><div class=\"fusion-layout-column fusion_builder_column fusion-builder-column-0 fusion_builder_column_1_1 1_1 fusion-flex-column\"><div class=\"fusion-column-wrapper fusion-flex-justify-content-flex-start fusion-content-layout-column\" style=\"background-position:left top;background-repeat:no-repeat;-webkit-background-size:cover;-moz-background-size:cover;-o-background-size:cover;background-size:cover;padding: 0px 0px 0px 0px;\"><style type=\"text\/css\">@media only screen and (max-width:1024px) {.fusion-title.fusion-title-1{margin-top:10px!important; margin-right:0px!important;margin-bottom:15px!important;margin-left:0px!important;}}@media only screen and (max-width:640px) {.fusion-title.fusion-title-1{margin-top:10px!important; margin-right:0px!important;margin-bottom:10px!important; margin-left:0px!important;}}<\/style><div class=\"fusion-title title fusion-title-1 fusion-sep-none fusion-title-text fusion-title-size-one\" style=\"font-size:2em;margin-top:10px;margin-right:0px;margin-bottom:15px;margin-left:0px;\"><h1 class=\"title-heading-left\" style=\"font-family:&quot;Open Sans&quot;;font-weight:600;margin:0;font-size:1em;color:#003a70;\">Endursko\u00f0endur<\/h1><\/div><\/div><style type=\"text\/css\">.fusion-body .fusion-builder-column-0{width:100% !important;margin-top : 0px;margin-bottom : 20px;}.fusion-builder-column-0 > .fusion-column-wrapper {padding-top : 0px !important;padding-right : 0px !important;margin-right : 1.92%;padding-bottom : 0px !important;padding-left : 0px !important;margin-left : 1.92%;}@media only screen and (max-width:1024px) {.fusion-body .fusion-builder-column-0{width:100% !important;order : 0;}.fusion-builder-column-0 > .fusion-column-wrapper {margin-right : 1.92%;margin-left : 1.92%;}}@media only screen and (max-width:640px) {.fusion-body .fusion-builder-column-0{width:100% !important;order : 0;}.fusion-builder-column-0 > .fusion-column-wrapper {margin-right : 1.92%;margin-left : 1.92%;}}<\/style><\/div><\/div><style type=\"text\/css\">.fusion-body .fusion-flex-container.fusion-builder-row-1{ padding-top : 0px;margin-top : 0px;padding-right : 0px;padding-bottom : 0px;margin-bottom : 0px;padding-left : 0px;}<\/style><\/div><div class=\"fusion-fullwidth fullwidth-box fusion-builder-row-2 fusion-flex-container nonhundred-percent-fullwidth non-hundred-percent-height-scrolling\" style=\"background-color: rgba(255,255,255,0);background-position: center center;background-repeat: no-repeat;border-width: 0px 0px 0px 0px;border-color:#e2e2e2;border-style:solid;\" ><div class=\"fusion-builder-row fusion-row fusion-flex-align-items-flex-start\" style=\"max-width:1248px;margin-left: calc(-4% \/ 2 );margin-right: calc(-4% \/ 2 );\"><div class=\"fusion-layout-column fusion_builder_column fusion-builder-column-1 fusion_builder_column_1_1 1_1 fusion-flex-column\"><div class=\"fusion-column-wrapper fusion-flex-justify-content-flex-start fusion-content-layout-column\" style=\"background-position:left top;background-repeat:no-repeat;-webkit-background-size:cover;-moz-background-size:cover;-o-background-size:cover;background-size:cover;padding: 0px 0px 0px 0px;\"><div class=\"fusion-text fusion-text-1\"><p class=\"boxstyles__StyledBox-sc-16mp2l4-0 bTSPBQ\">\u00cd sam\u00feykktum Radix er kve\u00f0i\u00f0 \u00e1 um a\u00f0 \u00e1 a\u00f0alfundi f\u00e9lagsins skuli kj\u00f3sa l\u00f6ggiltan endursko\u00f0anda e\u00f0a sko\u00f0unarmann.<\/p>\n<p class=\"boxstyles__StyledBox-sc-16mp2l4-0 bTSPBQ\">Endursko\u00f0andi rannsakar reikninga f\u00e9lagsins og \u00f6ll vi\u00f0eigandi fj\u00e1rhagsg\u00f6gn fyrir hvert rekstrar\u00e1r og hefur \u00ed \u00feeim tilgangi a\u00f0gengi a\u00f0 \u00f6llum g\u00f6gnum f\u00e9lagsins.<\/p>\n<p class=\"boxstyles__StyledBox-sc-16mp2l4-0 bTSPBQ\">Deloitte ehf., kt. 521098-2449, Sm\u00e1ratorgi 3, 201 K\u00f3pavogi, er endursko\u00f0unarf\u00e9lag Radix ehf. \u00c1rni \u00de\u00f3r Vilhelmsson endursko\u00f0ar og \u00e1ritar \u00e1rsreikninga f\u00e9lagsins fyrir h\u00f6nd Deloitte. Hann er me\u00f0limur \u00ed F\u00e9lagi l\u00f6ggiltra endursko\u00f0enda.<\/p>\n<p class=\"boxstyles__StyledBox-sc-16mp2l4-0 bTSPBQ\">Engin hlutabr\u00e9f \u00fatgefin af Radix e\u00f0a tengdar aflei\u00f0ur eru \u00ed eigu Deloitte ehf. e\u00f0a fulltr\u00faa \u00feeirra sem annast endursko\u00f0un f\u00e9lagsins.<\/p>\n<\/div><\/div><style type=\"text\/css\">.fusion-body .fusion-builder-column-1{width:100% !important;margin-top : 0px;margin-bottom : 20px;}.fusion-builder-column-1 > .fusion-column-wrapper {padding-top : 0px !important;padding-right : 0px !important;margin-right : 1.92%;padding-bottom : 0px !important;padding-left : 0px !important;margin-left : 1.92%;}@media only screen and (max-width:1024px) {.fusion-body .fusion-builder-column-1{width:100% !important;order : 0;}.fusion-builder-column-1 > .fusion-column-wrapper {margin-right : 1.92%;margin-left : 1.92%;}}@media only screen and (max-width:640px) {.fusion-body .fusion-builder-column-1{width:100% !important;order : 0;}.fusion-builder-column-1 > .fusion-column-wrapper {margin-right : 1.92%;margin-left : 1.92%;}}<\/style><\/div><\/div><style type=\"text\/css\">.fusion-body .fusion-flex-container.fusion-builder-row-2{ padding-top : 0px;margin-top : 0px;padding-right : 0px;padding-bottom : 0px;margin-bottom : 0px;padding-left : 0px;}<\/style><\/div><\/p>\n","protected":false},"excerpt":{"rendered":"","protected":false},"author":1,"featured_media":0,"parent":69,"menu_order":0,"comment_status":"closed","ping_status":"closed","template":"","meta":{"footnotes":""},"class_list":["post-427","page","type-page","status-publish","hentry"],"_links":{"self":[{"href":"https:\/\/radix.is\/index.php?rest_route=\/wp\/v2\/pages\/427","targetHints":{"allow":["GET"]}}],"collection":[{"href":"https:\/\/radix.is\/index.php?rest_route=\/wp\/v2\/pages"}],"about":[{"href":"https:\/\/radix.is\/index.php?rest_route=\/wp\/v2\/types\/page"}],"author":[{"embeddable":true,"href":"https:\/\/radix.is\/index.php?rest_route=\/wp\/v2\/users\/1"}],"replies":[{"embeddable":true,"href":"https:\/\/radix.is\/index.php?rest_route=%2Fwp%2Fv2%2Fcomments&post=427"}],"version-history":[{"count":6,"href":"https:\/\/radix.is\/index.php?rest_route=\/wp\/v2\/pages\/427\/revisions"}],"predecessor-version":[{"id":714,"href":"https:\/\/radix.is\/index.php?rest_route=\/wp\/v2\/pages\/427\/revisions\/714"}],"up":[{"embeddable":true,"href":"https:\/\/radix.is\/index.php?rest_route=\/wp\/v2\/pages\/69"}],"wp:attachment":[{"href":"https:\/\/radix.is\/index.php?rest_route=%2Fwp%2Fv2%2Fmedia&parent=427"}],"curies":[{"name":"wp","href":"https:\/\/api.w.org\/{rel}","templated":true}]}}