{"id":456,"date":"2021-11-25T13:00:17","date_gmt":"2021-11-25T13:00:17","guid":{"rendered":"http:\/\/radix.is\/?page_id=456"},"modified":"2023-05-23T14:13:20","modified_gmt":"2023-05-23T14:13:20","slug":"yfirlit","status":"publish","type":"page","link":"https:\/\/radix.is\/?page_id=456","title":{"rendered":"Sagan"},"content":{"rendered":"<p><div class=\"fusion-fullwidth fullwidth-box fusion-builder-row-1 fusion-flex-container nonhundred-percent-fullwidth non-hundred-percent-height-scrolling\" style=\"background-color: rgba(255,255,255,0);background-position: center center;background-repeat: no-repeat;border-width: 0px 0px 0px 0px;border-color:#e2e2e2;border-style:solid;\" ><div class=\"fusion-builder-row fusion-row fusion-flex-align-items-flex-start\" style=\"max-width:1248px;margin-left: calc(-4% \/ 2 );margin-right: calc(-4% \/ 2 );\"><div class=\"fusion-layout-column fusion_builder_column fusion-builder-column-0 fusion_builder_column_1_1 1_1 fusion-flex-column\"><div class=\"fusion-column-wrapper fusion-flex-justify-content-flex-start fusion-content-layout-column\" style=\"background-position:left top;background-repeat:no-repeat;-webkit-background-size:cover;-moz-background-size:cover;-o-background-size:cover;background-size:cover;padding: 0px 0px 0px 0px;\"><style type=\"text\/css\">@media only screen and (max-width:1024px) {.fusion-title.fusion-title-1{margin-top:10px!important; margin-right:0px!important;margin-bottom:15px!important;margin-left:0px!important;}}@media only screen and (max-width:640px) {.fusion-title.fusion-title-1{margin-top:10px!important; margin-right:0px!important;margin-bottom:10px!important; margin-left:0px!important;}}<\/style><div class=\"fusion-title title fusion-title-1 fusion-sep-none fusion-title-text fusion-title-size-one\" style=\"font-size:2em;margin-top:10px;margin-right:0px;margin-bottom:15px;margin-left:0px;\"><h1 class=\"title-heading-left\" style=\"font-family:&quot;Open Sans&quot;;font-weight:600;margin:0;font-size:1em;color:#003a70;\">Sagan<\/h1><\/div><\/div><style type=\"text\/css\">.fusion-body .fusion-builder-column-0{width:100% !important;margin-top : 0px;margin-bottom : 20px;}.fusion-builder-column-0 > .fusion-column-wrapper {padding-top : 0px !important;padding-right : 0px !important;margin-right : 1.92%;padding-bottom : 0px !important;padding-left : 0px !important;margin-left : 1.92%;}@media only screen and (max-width:1024px) {.fusion-body .fusion-builder-column-0{width:100% !important;order : 0;}.fusion-builder-column-0 > .fusion-column-wrapper {margin-right : 1.92%;margin-left : 1.92%;}}@media only screen and (max-width:640px) {.fusion-body .fusion-builder-column-0{width:100% !important;order : 0;}.fusion-builder-column-0 > .fusion-column-wrapper {margin-right : 1.92%;margin-left : 1.92%;}}<\/style><\/div><\/div><style type=\"text\/css\">.fusion-body .fusion-flex-container.fusion-builder-row-1{ padding-top : 0px;margin-top : 0px;padding-right : 0px;padding-bottom : 0px;margin-bottom : 0px;padding-left : 0px;}<\/style><\/div><div class=\"fusion-fullwidth fullwidth-box fusion-builder-row-2 fusion-flex-container nonhundred-percent-fullwidth non-hundred-percent-height-scrolling\" style=\"background-color: rgba(255,255,255,0);background-position: center center;background-repeat: no-repeat;border-width: 0px 0px 0px 0px;border-color:#e2e2e2;border-style:solid;\" ><div class=\"fusion-builder-row fusion-row fusion-flex-align-items-flex-start\" style=\"max-width:1248px;margin-left: calc(-4% \/ 2 );margin-right: calc(-4% \/ 2 );\"><div class=\"fusion-layout-column fusion_builder_column fusion-builder-column-1 fusion_builder_column_1_1 1_1 fusion-flex-column\"><div class=\"fusion-column-wrapper fusion-flex-justify-content-flex-start fusion-content-layout-column\" style=\"background-position:left top;background-repeat:no-repeat;-webkit-background-size:cover;-moz-background-size:cover;-o-background-size:cover;background-size:cover;padding: 0px 0px 0px 0px;\"><div ><span class=\" fusion-imageframe imageframe-none imageframe-1 hover-type-none\"><img decoding=\"async\" width=\"800\" height=\"313\" title=\"hastens\" src=\"http:\/\/radix.is\/wp-content\/uploads\/2021\/11\/hastens-800x313.jpg\" alt class=\"img-responsive wp-image-230\" srcset=\"https:\/\/radix.is\/wp-content\/uploads\/2021\/11\/hastens-200x78.jpg 200w, https:\/\/radix.is\/wp-content\/uploads\/2021\/11\/hastens-400x157.jpg 400w, https:\/\/radix.is\/wp-content\/uploads\/2021\/11\/hastens-600x235.jpg 600w, https:\/\/radix.is\/wp-content\/uploads\/2021\/11\/hastens-800x313.jpg 800w, https:\/\/radix.is\/wp-content\/uploads\/2021\/11\/hastens-1200x470.jpg 1200w, https:\/\/radix.is\/wp-content\/uploads\/2021\/11\/hastens.jpg 1500w\" sizes=\"(max-width: 640px) 100vw, 1200px\" \/><\/span><\/div><\/div><style type=\"text\/css\">.fusion-body .fusion-builder-column-1{width:100% !important;margin-top : 0px;margin-bottom : 20px;}.fusion-builder-column-1 > .fusion-column-wrapper {padding-top : 0px !important;padding-right : 0px !important;margin-right : 1.92%;padding-bottom : 0px !important;padding-left : 0px !important;margin-left : 1.92%;}@media only screen and (max-width:1024px) {.fusion-body .fusion-builder-column-1{width:100% !important;order : 0;}.fusion-builder-column-1 > .fusion-column-wrapper {margin-right : 1.92%;margin-left : 1.92%;}}@media only screen and (max-width:640px) {.fusion-body .fusion-builder-column-1{width:100% !important;order : 0;}.fusion-builder-column-1 > .fusion-column-wrapper {margin-right : 1.92%;margin-left : 1.92%;}}<\/style><\/div><\/div><style type=\"text\/css\">.fusion-body .fusion-flex-container.fusion-builder-row-2{ padding-top : 0px;margin-top : 0px;padding-right : 0px;padding-bottom : 0px;margin-bottom : 0px;padding-left : 0px;}<\/style><\/div><div class=\"fusion-fullwidth fullwidth-box fusion-builder-row-3 fusion-flex-container nonhundred-percent-fullwidth non-hundred-percent-height-scrolling\" style=\"background-color: rgba(255,255,255,0);background-position: center center;background-repeat: no-repeat;border-width: 0px 0px 0px 0px;border-color:#e2e2e2;border-style:solid;\" ><div class=\"fusion-builder-row fusion-row fusion-flex-align-items-flex-start\" style=\"max-width:1248px;margin-left: calc(-4% \/ 2 );margin-right: calc(-4% \/ 2 );\"><div class=\"fusion-layout-column fusion_builder_column fusion-builder-column-2 fusion_builder_column_2_3 2_3 fusion-flex-column\"><div class=\"fusion-column-wrapper fusion-flex-justify-content-flex-start fusion-content-layout-column\" style=\"background-position:left top;background-repeat:no-repeat;-webkit-background-size:cover;-moz-background-size:cover;-o-background-size:cover;background-size:cover;padding: 0px 0px 0px 0px;\"><div class=\"fusion-text fusion-text-1\"><p>Radix var stofna\u00f0 \u00e1 Egilsst\u00f6\u00f0um \u00e1 Austurlandi \u00e1ri\u00f0 1994. Tilgangur fyrirt\u00e6kisins var a\u00f0 flytja inn n\u00fdjar og byltingarkenndar heilsuv\u00f6rur sem voru a\u00f0 ry\u00f0ja s\u00e9r til r\u00fams \u00e1 marka\u00f0num. \u00deessar v\u00f6rur voru hanna\u00f0ar og \u00fer\u00f3a\u00f0ar af NASA og f\u00f3lk tr\u00fa\u00f0i \u00e1 \u00feessar v\u00f6rur.<\/p>\n<p>Stofnendur f\u00e9lagsins voru Reynir Sigur\u00f0sson og Guttormur Brynj\u00f3lfsson. Guttormur var \u00fe\u00e1 vi\u00f0 n\u00e1m \u00ed Sv\u00ed\u00fej\u00f3\u00f0 og kynnti s\u00e9r v\u00f6rurnar \u00ed tengslum vi\u00f0 n\u00e1m sitt til Doctor of Naprapathy. Sk\u00f3linn kynnti n\u00fdja heilsup\u00fa\u00f0a og d\u00fdnur sem kallast Tempur, efni\u00f0 a\u00f0laga\u00f0 hita og \u00fer\u00fdstingi l\u00edkamans. Reyni og Guttormi fannst \u00feetta spennandi \u00feeir fengu umbo\u00f0sleyfi fyrir v\u00f6runa \u00e1 \u00cdslandi og h\u00f3fu \u00fev\u00ed innflutning og s\u00f6lu \u00e1 v\u00f6runni \u00ed gegnum fyrirt\u00e6ki sitt Radix ehf. Fyrstu \u00e1rin voru sem sagt frekar krefjandi, \u00fea\u00f0 t\u00f3k t\u00edma a\u00f0 marka\u00f0ssetja v\u00f6runa \u00e1 \u00edslenskum marka\u00f0i og byggja upp tr\u00faver\u00f0ugleika og \u00fea\u00f0 var mj\u00f6g krefjandi og t\u00edmafrekt verkefni.<\/p>\n<p>Fyrsta verslun Radix var opnu\u00f0 \u00e1 Grandavegi \u00ed Reykjav\u00edk og seldi h\u00fan eing\u00f6ngu Tempur v\u00f6rur. \u00dear sem marka\u00f0ssetning var farin a\u00f0 skila s\u00e9r og salan j\u00f3kst dag fr\u00e1 degi \u00feurfti a\u00f0 st\u00e6kka verslunina \u00ed st\u00e6rra v\u00f6ru\u00farval eins og r\u00famf\u00f6t og r\u00famf\u00f6t og fleira fyrir svefnherbergi\u00f0. Eftir \u00fev\u00ed sem salan j\u00f3kst var verslunarr\u00fdmi\u00f0 a\u00f0 ver\u00f0a l\u00edti\u00f0 fyrir auki\u00f0 v\u00f6ru\u00farval svo verslunin var flutt \u00e1 Grens\u00e1sveg \u00ed Reykjav\u00edk \u00e1ri\u00f0 1996.<\/p>\n<p>Veltan j\u00f3kst jafnt og \u00fe\u00e9tt og breytingar ur\u00f0u \u00e1 eignarhaldi. Guttormur f\u00f3r \u00fat \u00far f\u00e9laginu til annarra verkefna og Gu\u00f0mundur Gauti sonur Reynis var\u00f0 hluthafi. Hann vildi byggja ofan \u00e1 v\u00f6xtinn og st\u00e6kka verslunina enn meira me\u00f0 st\u00e6rra v\u00f6ru\u00farvali og \u00fev\u00ed var verslunin flutt \u00ed Faxafen \u00ed Reykjav\u00edk \u00e1ri\u00f0 1998. Verslunin haf\u00f0i fram a\u00f0 \u00feessu veri\u00f0 merkt sem Radix, sem er lat\u00edna fyrir r\u00f3t e\u00f0a grunn, var endurmerkt \u00ed Betra Bak, norn \u00fe\u00fd\u00f0ir betra bak \u00e1 \u00edslensku. Verslunin var sannkalla\u00f0 fj\u00f6lskyldufyrirt\u00e6ki \u00fear sem Reynir og kona hans Anna Hei\u00f0ur unnu me\u00f0 sonum s\u00ednum Gu\u00f0mundi Gauta og Agli. Betra Bak er enn \u00ed Faxafeni og dafnar \u00fear me\u00f0 gott v\u00f6ru\u00farval.<\/p>\n<\/div><\/div><style type=\"text\/css\">.fusion-body .fusion-builder-column-2{width:66.666666666667% !important;margin-top : 0px;margin-bottom : 20px;}.fusion-builder-column-2 > .fusion-column-wrapper {padding-top : 0px !important;padding-right : 0px !important;margin-right : 2.88%;padding-bottom : 0px !important;padding-left : 0px !important;margin-left : 2.88%;}@media only screen and (max-width:1024px) {.fusion-body .fusion-builder-column-2{width:66.666666666667% !important;order : 0;}.fusion-builder-column-2 > .fusion-column-wrapper {margin-right : 2.88%;margin-left : 2.88%;}}@media only screen and (max-width:640px) {.fusion-body .fusion-builder-column-2{width:100% !important;order : 0;}.fusion-builder-column-2 > .fusion-column-wrapper {margin-right : 1.92%;margin-left : 1.92%;}}<\/style><\/div><div class=\"fusion-layout-column fusion_builder_column fusion-builder-column-3 fusion_builder_column_1_3 1_3 fusion-flex-column\"><div class=\"fusion-column-wrapper fusion-flex-justify-content-flex-start fusion-content-layout-column\" style=\"background-position:left top;background-repeat:no-repeat;-webkit-background-size:cover;-moz-background-size:cover;-o-background-size:cover;background-size:cover;padding: 0px 0px 0px 0px;\"><\/div><style type=\"text\/css\">.fusion-body .fusion-builder-column-3{width:33.333333333333% !important;margin-top : 0px;margin-bottom : 20px;}.fusion-builder-column-3 > .fusion-column-wrapper {padding-top : 0px !important;padding-right : 0px !important;margin-right : 5.76%;padding-bottom : 0px !important;padding-left : 0px !important;margin-left : 5.76%;}@media only screen and (max-width:1024px) {.fusion-body .fusion-builder-column-3{width:33.333333333333% !important;order : 0;}.fusion-builder-column-3 > .fusion-column-wrapper {margin-right : 5.76%;margin-left : 5.76%;}}@media only screen and (max-width:640px) {.fusion-body .fusion-builder-column-3{width:100% !important;order : 0;}.fusion-builder-column-3 > .fusion-column-wrapper {margin-right : 1.92%;margin-left : 1.92%;}}<\/style><\/div><\/div><style type=\"text\/css\">.fusion-body .fusion-flex-container.fusion-builder-row-3{ padding-top : 0px;margin-top : 0px;padding-right : 0px;padding-bottom : 0px;margin-bottom : 0px;padding-left : 0px;}<\/style><\/div><\/p>\n","protected":false},"excerpt":{"rendered":"","protected":false},"author":1,"featured_media":0,"parent":69,"menu_order":0,"comment_status":"closed","ping_status":"closed","template":"","meta":{"footnotes":""},"class_list":["post-456","page","type-page","status-publish","hentry"],"_links":{"self":[{"href":"https:\/\/radix.is\/index.php?rest_route=\/wp\/v2\/pages\/456","targetHints":{"allow":["GET"]}}],"collection":[{"href":"https:\/\/radix.is\/index.php?rest_route=\/wp\/v2\/pages"}],"about":[{"href":"https:\/\/radix.is\/index.php?rest_route=\/wp\/v2\/types\/page"}],"author":[{"embeddable":true,"href":"https:\/\/radix.is\/index.php?rest_route=\/wp\/v2\/users\/1"}],"replies":[{"embeddable":true,"href":"https:\/\/radix.is\/index.php?rest_route=%2Fwp%2Fv2%2Fcomments&post=456"}],"version-history":[{"count":5,"href":"https:\/\/radix.is\/index.php?rest_route=\/wp\/v2\/pages\/456\/revisions"}],"predecessor-version":[{"id":724,"href":"https:\/\/radix.is\/index.php?rest_route=\/wp\/v2\/pages\/456\/revisions\/724"}],"up":[{"embeddable":true,"href":"https:\/\/radix.is\/index.php?rest_route=\/wp\/v2\/pages\/69"}],"wp:attachment":[{"href":"https:\/\/radix.is\/index.php?rest_route=%2Fwp%2Fv2%2Fmedia&parent=456"}],"curies":[{"name":"wp","href":"https:\/\/api.w.org\/{rel}","templated":true}]}}